{"id":1070,"date":"2023-08-22T20:04:57","date_gmt":"2023-08-22T17:04:57","guid":{"rendered":"https:\/\/test-eestispaad.miriada.ee\/ostutingimused\/"},"modified":"2023-10-09T16:17:04","modified_gmt":"2023-10-09T13:17:04","slug":"ostutingimused","status":"publish","type":"page","link":"https:\/\/test-eestispaad.miriada.ee\/en\/ostutingimused\/","title":{"rendered":"Terms of purchase"},"content":{"rendered":"\n<h2 class=\"wp-block-heading\">Kinkekaardi tingimused.<\/h2>\n\n\n\n<p>Eesti spaade kinkekaart \u2013 see on ideaalne v\u00f5imalus kinkida oma l\u00e4hedasele meeldej\u00e4\u00e4vaid elamusi ja l\u00f5\u00f5gastavaid puhkusehetki. Leia meie ettev\u00f5tete hulgast endale sobivaim ja broneeri teenused ette.<\/p>\n\n\n\n<h2 class=\"wp-block-heading\">Oluline info Eesti Spaaliidu kinkekaartide kohta:<\/h2>\n\n\n\n<ul>\n<li>Kinkekaart on kasutatav nimekirjas olevas spaahotellis majutusteenuse v\u00f5i majutusega spaapaketi eest tasumisel eelneva broneeringu alusel ja hotelli vastuv\u00f5tuletis.<\/li>\n\n\n\n<li>Rahalised kinkekaardid kehtivad 12 kuud alates ostuhetkest.<\/li>\n\n\n\n<li>Kinkekaarte saab kasutada kaardil m\u00e4rgitud kehtivusaja ja summa piires.<\/li>\n\n\n\n<li>Kinkekaartide eest ei saa osta uusi kinkekaarte.<\/li>\n\n\n\n<li>Kinkekaart ei ole vahetatav rahaks.<\/li>\n\n\n\n<li>Kaduma l\u00e4inud kaarti ei asendata.<\/li>\n\n\n\n<li>Kinkekaarte saab tellida&nbsp;<a href=\"http:\/\/www.estonianspas.eu\/\">www.estonianspas.eu<\/a>&nbsp;asuvast e-poest. Kaardid v\u00e4ljastatakse tellimusvormil sisestatud saaja e-post aadressile pdf failina.<\/li>\n\n\n\n<li>Palun v\u00f5ta kinkekaart kindlasti teenust lunastades kaasa!<\/li>\n\n\n\n<li>Palume kinkekaardi alusel tarbitavad teenused eelnevalt sinu poolt valitud ettev\u00f5ttes broneerida,&nbsp;broneerimisel m\u00e4rkida kindlasti \u00e4ra kinkekaardi number<\/li>\n\n\n\n<li>Kinkekaartide kehtivusaega ei pikendata<\/li>\n<\/ul>\n\n\n\n<h2 class=\"wp-block-heading\">Kinkekaart kehtib kasutamiseks ainult allj\u00e4rgnevates spaahotellides ja eelbroneeringu alusel:<\/h2>\n\n\n\n<ul id=\"menu-aside\">\n<li><a href=\"https:\/\/www.estonianspas.eu\/spa\/aura-keskus\/\">Aura Keskus<\/a><\/li>\n\n\n\n<li><a href=\"https:\/\/www.estonianspas.eu\/spa\/estonia-medical-spa-hotell\/\">Estonia Medical Spa &amp; Hotel<\/a><\/li>\n\n\n\n<li><a href=\"https:\/\/www.estonianspas.eu\/spa\/estonia-resort-hotel-spa\/\">Estonia Resort Hotel &amp; Spa<\/a><\/li>\n\n\n\n<li><a href=\"https:\/\/www.estonianspas.eu\/spa\/fra-mare-thalasso-spa-5\/\">Fra Mare Thalasso Spa<\/a><\/li>\n\n\n\n<li><a href=\"https:\/\/www.estonianspas.eu\/spa\/johan-spa-hotel\/\">Johan Spa Hotel<\/a><\/li>\n\n\n\n<li><a href=\"https:\/\/www.estonianspas.eu\/spa\/kalev-spa-hotell-veekeskus-3\/\">Kalev Spa Hotell &amp; Veekeskus<\/a><\/li>\n\n\n\n<li><a href=\"https:\/\/www.estonianspas.eu\/spa\/kubija-hotell-loodusspaa\/\">Kubija hotell-loodusspaa<\/a><\/li>\n\n\n\n<li><a href=\"https:\/\/www.estonianspas.eu\/spa\/lossispaa-wagenkull\/\">Lossispaa Wagenk\u00fcll<\/a><\/li>\n\n\n\n<li><a href=\"https:\/\/www.estonianspas.eu\/spa\/meri-spa-hotel\/\">Meri Spa Hotel<\/a><\/li>\n\n\n\n<li><a href=\"https:\/\/www.estonianspas.eu\/spa\/narva-joesuu-medical-spa\/\">Narva-J\u00f5esuu Medical Spa<\/a><\/li>\n\n\n\n<li><a href=\"https:\/\/www.estonianspas.eu\/spa\/suure-jaani-tervisekoda\/\">Suure-Jaani Tervisekoda<\/a><\/li>\n\n\n\n<li><a href=\"https:\/\/www.estonianspas.eu\/spa\/toila-spa-hotell-3\/\">Toila Spa Hotell<\/a><\/li>\n\n\n\n<li><a href=\"https:\/\/www.estonianspas.eu\/spa\/varska-sanatoorium-veekeskus-3\/\">V\u00e4rska Kuurortravikeskus<\/a><\/li>\n\n\n\n<li><a href=\"https:\/\/www.estonianspas.eu\/spa\/viiking-spa-hotel-5\/\">Viiking Spa Hotel<\/a><\/li>\n<\/ul>\n\n\n\n<p>Juhul kui tarbitavate toodete\/teenuste summa \u00fcletab kinkekaardi v\u00e4\u00e4rtuse, siis nende eest tasub kinkekaardi omanik t\u00e4iendavalt. Kui valitud teenuse maksumus on v\u00e4iksem kui kinkekaardi v\u00e4\u00e4rtus, siis kasutamata kinkekaardi j\u00e4\u00e4ki rahas v\u00e4lja ei maksta. Kinkekaarti ei vahetata sularahaks.<\/p>\n\n\n\n<p>Kinkekaart on kehtiv \u00fchekordse maksevahendina, korraga saab tasuda ka mitme kinkekaardiga. Kinkekaart ei ole personaalne ning seda v\u00f5ib edasi anda kolmandatele isikutele. Kinkekaartide kehtivusaega ei pikendata. Kinkekaardi paljundamine mistahes viisil on keelatud, v\u00f5ltsingud konfiskeeritakse. Kinkekaardid on eelnevalt nummerdatud ja omavad turvaelementi.<\/p>\n","protected":false},"excerpt":{"rendered":"<p>Kinkekaardi tingimused. Eesti spaade kinkekaart \u2013 see on ideaalne v\u00f5imalus kinkida oma l\u00e4hedasele meeldej\u00e4\u00e4vaid elamusi ja l\u00f5\u00f5gastavaid puhkusehetki. Leia meie ettev\u00f5tete hulgast endale sobivaim ja broneeri teenused ette. Oluline info Eesti Spaaliidu kinkekaartide kohta: Kinkekaart kehtib kasutamiseks ainult allj\u00e4rgnevates spaahotellides ja eelbroneeringu alusel: Juhul kui tarbitavate toodete\/teenuste summa \u00fcletab kinkekaardi v\u00e4\u00e4rtuse, siis nende eest tasub [&hellip;]<\/p>\n","protected":false},"author":14,"featured_media":0,"parent":0,"menu_order":0,"comment_status":"closed","ping_status":"closed","template":"","meta":{"footnotes":""},"acf":[],"yoast_head":"<!-- This site is optimized with the Yoast SEO plugin v21.4 - https:\/\/yoast.com\/wordpress\/plugins\/seo\/ -->\n<title>Terms of purchase - Eestispaad<\/title>\n<meta name=\"robots\" content=\"index, follow, max-snippet:-1, max-image-preview:large, max-video-preview:-1\" \/>\n<link rel=\"canonical\" href=\"https:\/\/eestispaad.ee\/ostutingimused\/\" \/>\n<meta property=\"og:locale\" content=\"en_US\" \/>\n<meta property=\"og:type\" content=\"article\" \/>\n<meta property=\"og:title\" content=\"Terms of purchase - Eestispaad\" \/>\n<meta property=\"og:description\" content=\"Kinkekaardi tingimused. Eesti spaade kinkekaart \u2013 see on ideaalne v\u00f5imalus kinkida oma l\u00e4hedasele meeldej\u00e4\u00e4vaid elamusi ja l\u00f5\u00f5gastavaid puhkusehetki. Leia meie ettev\u00f5tete hulgast endale sobivaim ja broneeri teenused ette. Oluline info Eesti Spaaliidu kinkekaartide kohta: Kinkekaart kehtib kasutamiseks ainult allj\u00e4rgnevates spaahotellides ja eelbroneeringu alusel: Juhul kui tarbitavate toodete\/teenuste summa \u00fcletab kinkekaardi v\u00e4\u00e4rtuse, siis nende eest tasub [&hellip;]\" \/>\n<meta property=\"og:url\" content=\"https:\/\/eestispaad.ee\/ostutingimused\/\" \/>\n<meta property=\"og:site_name\" content=\"Eestispaad\" \/>\n<meta property=\"article:publisher\" content=\"https:\/\/www.facebook.com\/estonianspas\" \/>\n<meta property=\"article:modified_time\" content=\"2023-10-09T13:17:04+00:00\" \/>\n<meta name=\"twitter:card\" content=\"summary_large_image\" \/>\n<meta name=\"twitter:label1\" content=\"Est. reading time\" \/>\n\t<meta name=\"twitter:data1\" content=\"1 minute\" \/>\n<script type=\"application\/ld+json\" class=\"yoast-schema-graph\">{\"@context\":\"https:\/\/schema.org\",\"@graph\":[{\"@type\":\"WebPage\",\"@id\":\"https:\/\/eestispaad.ee\/ostutingimused\/\",\"url\":\"https:\/\/eestispaad.ee\/ostutingimused\/\",\"name\":\"Terms of purchase - Eestispaad\",\"isPartOf\":{\"@id\":\"https:\/\/eestispaad.ee\/#website\"},\"datePublished\":\"2023-08-22T17:04:57+00:00\",\"dateModified\":\"2023-10-09T13:17:04+00:00\",\"breadcrumb\":{\"@id\":\"https:\/\/eestispaad.ee\/ostutingimused\/#breadcrumb\"},\"inLanguage\":\"en-US\",\"potentialAction\":[{\"@type\":\"ReadAction\",\"target\":[\"https:\/\/eestispaad.ee\/ostutingimused\/\"]}]},{\"@type\":\"BreadcrumbList\",\"@id\":\"https:\/\/eestispaad.ee\/ostutingimused\/#breadcrumb\",\"itemListElement\":[{\"@type\":\"ListItem\",\"position\":1,\"name\":\"Home\",\"item\":\"https:\/\/eestispaad.ee\/en\/\"},{\"@type\":\"ListItem\",\"position\":2,\"name\":\"Terms of purchase\"}]},{\"@type\":\"WebSite\",\"@id\":\"https:\/\/eestispaad.ee\/#website\",\"url\":\"https:\/\/eestispaad.ee\/\",\"name\":\"Eesti spaad\",\"description\":\"\",\"publisher\":{\"@id\":\"https:\/\/eestispaad.ee\/#organization\"},\"potentialAction\":[{\"@type\":\"SearchAction\",\"target\":{\"@type\":\"EntryPoint\",\"urlTemplate\":\"https:\/\/eestispaad.ee\/?s={search_term_string}\"},\"query-input\":\"required name=search_term_string\"}],\"inLanguage\":\"en-US\"},{\"@type\":\"Organization\",\"@id\":\"https:\/\/eestispaad.ee\/#organization\",\"name\":\"Eesti spaad\",\"url\":\"https:\/\/eestispaad.ee\/\",\"logo\":{\"@type\":\"ImageObject\",\"inLanguage\":\"en-US\",\"@id\":\"https:\/\/eestispaad.ee\/#\/schema\/logo\/image\/\",\"url\":\"https:\/\/eestispaad.ee\/wp-content\/uploads\/2023\/12\/Screenshot-2023-12-09-at-21.42.51.png\",\"contentUrl\":\"https:\/\/eestispaad.ee\/wp-content\/uploads\/2023\/12\/Screenshot-2023-12-09-at-21.42.51.png\",\"width\":2130,\"height\":396,\"caption\":\"Eesti spaad\"},\"image\":{\"@id\":\"https:\/\/eestispaad.ee\/#\/schema\/logo\/image\/\"},\"sameAs\":[\"https:\/\/www.facebook.com\/estonianspas\"]}]}<\/script>\n<!-- \/ Yoast SEO plugin. -->","yoast_head_json":{"title":"Terms of purchase - Eestispaad","robots":{"index":"index","follow":"follow","max-snippet":"max-snippet:-1","max-image-preview":"max-image-preview:large","max-video-preview":"max-video-preview:-1"},"canonical":"https:\/\/eestispaad.ee\/ostutingimused\/","og_locale":"en_US","og_type":"article","og_title":"Terms of purchase - Eestispaad","og_description":"Kinkekaardi tingimused. Eesti spaade kinkekaart \u2013 see on ideaalne v\u00f5imalus kinkida oma l\u00e4hedasele meeldej\u00e4\u00e4vaid elamusi ja l\u00f5\u00f5gastavaid puhkusehetki. Leia meie ettev\u00f5tete hulgast endale sobivaim ja broneeri teenused ette. Oluline info Eesti Spaaliidu kinkekaartide kohta: Kinkekaart kehtib kasutamiseks ainult allj\u00e4rgnevates spaahotellides ja eelbroneeringu alusel: Juhul kui tarbitavate toodete\/teenuste summa \u00fcletab kinkekaardi v\u00e4\u00e4rtuse, siis nende eest tasub [&hellip;]","og_url":"https:\/\/eestispaad.ee\/ostutingimused\/","og_site_name":"Eestispaad","article_publisher":"https:\/\/www.facebook.com\/estonianspas","article_modified_time":"2023-10-09T13:17:04+00:00","twitter_card":"summary_large_image","twitter_misc":{"Est. reading time":"1 minute"},"schema":{"@context":"https:\/\/schema.org","@graph":[{"@type":"WebPage","@id":"https:\/\/eestispaad.ee\/ostutingimused\/","url":"https:\/\/eestispaad.ee\/ostutingimused\/","name":"Terms of purchase - Eestispaad","isPartOf":{"@id":"https:\/\/eestispaad.ee\/#website"},"datePublished":"2023-08-22T17:04:57+00:00","dateModified":"2023-10-09T13:17:04+00:00","breadcrumb":{"@id":"https:\/\/eestispaad.ee\/ostutingimused\/#breadcrumb"},"inLanguage":"en-US","potentialAction":[{"@type":"ReadAction","target":["https:\/\/eestispaad.ee\/ostutingimused\/"]}]},{"@type":"BreadcrumbList","@id":"https:\/\/eestispaad.ee\/ostutingimused\/#breadcrumb","itemListElement":[{"@type":"ListItem","position":1,"name":"Home","item":"https:\/\/eestispaad.ee\/en\/"},{"@type":"ListItem","position":2,"name":"Terms of purchase"}]},{"@type":"WebSite","@id":"https:\/\/eestispaad.ee\/#website","url":"https:\/\/eestispaad.ee\/","name":"Eesti spaad","description":"","publisher":{"@id":"https:\/\/eestispaad.ee\/#organization"},"potentialAction":[{"@type":"SearchAction","target":{"@type":"EntryPoint","urlTemplate":"https:\/\/eestispaad.ee\/?s={search_term_string}"},"query-input":"required name=search_term_string"}],"inLanguage":"en-US"},{"@type":"Organization","@id":"https:\/\/eestispaad.ee\/#organization","name":"Eesti spaad","url":"https:\/\/eestispaad.ee\/","logo":{"@type":"ImageObject","inLanguage":"en-US","@id":"https:\/\/eestispaad.ee\/#\/schema\/logo\/image\/","url":"https:\/\/eestispaad.ee\/wp-content\/uploads\/2023\/12\/Screenshot-2023-12-09-at-21.42.51.png","contentUrl":"https:\/\/eestispaad.ee\/wp-content\/uploads\/2023\/12\/Screenshot-2023-12-09-at-21.42.51.png","width":2130,"height":396,"caption":"Eesti spaad"},"image":{"@id":"https:\/\/eestispaad.ee\/#\/schema\/logo\/image\/"},"sameAs":["https:\/\/www.facebook.com\/estonianspas"]}]}},"_links":{"self":[{"href":"https:\/\/test-eestispaad.miriada.ee\/en\/wp-json\/wp\/v2\/pages\/1070"}],"collection":[{"href":"https:\/\/test-eestispaad.miriada.ee\/en\/wp-json\/wp\/v2\/pages"}],"about":[{"href":"https:\/\/test-eestispaad.miriada.ee\/en\/wp-json\/wp\/v2\/types\/page"}],"author":[{"embeddable":true,"href":"https:\/\/test-eestispaad.miriada.ee\/en\/wp-json\/wp\/v2\/users\/14"}],"replies":[{"embeddable":true,"href":"https:\/\/test-eestispaad.miriada.ee\/en\/wp-json\/wp\/v2\/comments?post=1070"}],"version-history":[{"count":1,"href":"https:\/\/test-eestispaad.miriada.ee\/en\/wp-json\/wp\/v2\/pages\/1070\/revisions"}],"predecessor-version":[{"id":1071,"href":"https:\/\/test-eestispaad.miriada.ee\/en\/wp-json\/wp\/v2\/pages\/1070\/revisions\/1071"}],"wp:attachment":[{"href":"https:\/\/test-eestispaad.miriada.ee\/en\/wp-json\/wp\/v2\/media?parent=1070"}],"curies":[{"name":"wp","href":"https:\/\/api.w.org\/{rel}","templated":true}]}}