{"id":7027,"date":"2024-04-16T12:42:52","date_gmt":"2024-04-16T09:42:52","guid":{"rendered":"https:\/\/eestispaad.ee\/subscribe-to-newsletter\/"},"modified":"2024-04-16T12:46:01","modified_gmt":"2024-04-16T09:46:01","slug":"tilaa-uutiskirje","status":"publish","type":"page","link":"https:\/\/test-eestispaad.miriada.ee\/fi\/tilaa-uutiskirje\/","title":{"rendered":"Tilaa Uutiskirje"},"content":{"rendered":"\n<p>Tilatessasi uutiskirjeen annat Viron Kylpyl\u00e4liitolle (Sadama 9\/11, Haapsalu, Viro) luvan tallentaa s\u00e4hk\u00f6postiosoitteesi sek\u00e4 k\u00e4ytt\u00e4\u00e4 niit\u00e4 tietojen l\u00e4hett\u00e4miseen Viron kylpyl\u00e4liiton tuotteista ja palveluista sek\u00e4 ostotottumustesi seuraamiseen. S\u00e4hk\u00f6postiosoitteesi k\u00e4ytt\u00f6\u00f6n liittyen sinulla on kaikki henkil\u00f6tietolain ja s\u00e4hk\u00f6isen viestinn\u00e4n lain mukaiset oikeudet, joita meid\u00e4n on kunnioitettava.<\/p>\n","protected":false},"excerpt":{"rendered":"<p>Tilatessasi uutiskirjeen annat Viron Kylpyl\u00e4liitolle (Sadama 9\/11, Haapsalu, Viro) luvan tallentaa s\u00e4hk\u00f6postiosoitteesi sek\u00e4 k\u00e4ytt\u00e4\u00e4 niit\u00e4 tietojen l\u00e4hett\u00e4miseen Viron kylpyl\u00e4liiton tuotteista ja palveluista sek\u00e4 ostotottumustesi seuraamiseen. S\u00e4hk\u00f6postiosoitteesi k\u00e4ytt\u00f6\u00f6n liittyen sinulla on kaikki henkil\u00f6tietolain ja s\u00e4hk\u00f6isen viestinn\u00e4n lain mukaiset oikeudet, joita meid\u00e4n on kunnioitettava.<\/p>\n","protected":false},"author":1,"featured_media":0,"parent":0,"menu_order":0,"comment_status":"closed","ping_status":"closed","template":"page-newsletter.php","meta":{"footnotes":""},"acf":[],"yoast_head":"<!-- This site is optimized with the Yoast SEO plugin v21.4 - https:\/\/yoast.com\/wordpress\/plugins\/seo\/ -->\n<title>Tilaa Uutiskirje - Eestispaad<\/title>\n<meta name=\"robots\" content=\"index, follow, max-snippet:-1, max-image-preview:large, max-video-preview:-1\" \/>\n<link rel=\"canonical\" href=\"https:\/\/eestispaad.ee\/fi\/tilaa-uutiskirje\/\" \/>\n<meta property=\"og:locale\" content=\"fi_FI\" \/>\n<meta property=\"og:type\" content=\"article\" \/>\n<meta property=\"og:title\" content=\"Tilaa Uutiskirje - Eestispaad\" \/>\n<meta property=\"og:description\" content=\"Tilatessasi uutiskirjeen annat Viron Kylpyl\u00e4liitolle (Sadama 9\/11, Haapsalu, Viro) luvan tallentaa s\u00e4hk\u00f6postiosoitteesi sek\u00e4 k\u00e4ytt\u00e4\u00e4 niit\u00e4 tietojen l\u00e4hett\u00e4miseen Viron kylpyl\u00e4liiton tuotteista ja palveluista sek\u00e4 ostotottumustesi seuraamiseen. S\u00e4hk\u00f6postiosoitteesi k\u00e4ytt\u00f6\u00f6n liittyen sinulla on kaikki henkil\u00f6tietolain ja s\u00e4hk\u00f6isen viestinn\u00e4n lain mukaiset oikeudet, joita meid\u00e4n on kunnioitettava.\" \/>\n<meta property=\"og:url\" content=\"https:\/\/eestispaad.ee\/fi\/tilaa-uutiskirje\/\" \/>\n<meta property=\"og:site_name\" content=\"Eestispaad\" \/>\n<meta property=\"article:publisher\" content=\"https:\/\/www.facebook.com\/estonianspas\" \/>\n<meta property=\"article:modified_time\" content=\"2024-04-16T09:46:01+00:00\" \/>\n<meta name=\"twitter:card\" content=\"summary_large_image\" \/>\n<meta name=\"twitter:label1\" content=\"Est. reading time\" \/>\n\t<meta name=\"twitter:data1\" content=\"1 minuutti\" \/>\n<script type=\"application\/ld+json\" class=\"yoast-schema-graph\">{\"@context\":\"https:\/\/schema.org\",\"@graph\":[{\"@type\":\"WebPage\",\"@id\":\"https:\/\/eestispaad.ee\/fi\/tilaa-uutiskirje\/\",\"url\":\"https:\/\/eestispaad.ee\/fi\/tilaa-uutiskirje\/\",\"name\":\"Tilaa Uutiskirje - Eestispaad\",\"isPartOf\":{\"@id\":\"https:\/\/eestispaad.ee\/#website\"},\"datePublished\":\"2024-04-16T09:42:52+00:00\",\"dateModified\":\"2024-04-16T09:46:01+00:00\",\"breadcrumb\":{\"@id\":\"https:\/\/eestispaad.ee\/fi\/tilaa-uutiskirje\/#breadcrumb\"},\"inLanguage\":\"fi\",\"potentialAction\":[{\"@type\":\"ReadAction\",\"target\":[\"https:\/\/eestispaad.ee\/fi\/tilaa-uutiskirje\/\"]}]},{\"@type\":\"BreadcrumbList\",\"@id\":\"https:\/\/eestispaad.ee\/fi\/tilaa-uutiskirje\/#breadcrumb\",\"itemListElement\":[{\"@type\":\"ListItem\",\"position\":1,\"name\":\"Home\",\"item\":\"https:\/\/eestispaad.ee\/fi\/\"},{\"@type\":\"ListItem\",\"position\":2,\"name\":\"Tilaa Uutiskirje\"}]},{\"@type\":\"WebSite\",\"@id\":\"https:\/\/eestispaad.ee\/#website\",\"url\":\"https:\/\/eestispaad.ee\/\",\"name\":\"Eesti spaad\",\"description\":\"\",\"publisher\":{\"@id\":\"https:\/\/eestispaad.ee\/#organization\"},\"potentialAction\":[{\"@type\":\"SearchAction\",\"target\":{\"@type\":\"EntryPoint\",\"urlTemplate\":\"https:\/\/eestispaad.ee\/?s={search_term_string}\"},\"query-input\":\"required name=search_term_string\"}],\"inLanguage\":\"fi\"},{\"@type\":\"Organization\",\"@id\":\"https:\/\/eestispaad.ee\/#organization\",\"name\":\"Eesti spaad\",\"url\":\"https:\/\/eestispaad.ee\/\",\"logo\":{\"@type\":\"ImageObject\",\"inLanguage\":\"fi\",\"@id\":\"https:\/\/eestispaad.ee\/#\/schema\/logo\/image\/\",\"url\":\"https:\/\/eestispaad.ee\/wp-content\/uploads\/2023\/12\/Screenshot-2023-12-09-at-21.42.51.png\",\"contentUrl\":\"https:\/\/eestispaad.ee\/wp-content\/uploads\/2023\/12\/Screenshot-2023-12-09-at-21.42.51.png\",\"width\":2130,\"height\":396,\"caption\":\"Eesti spaad\"},\"image\":{\"@id\":\"https:\/\/eestispaad.ee\/#\/schema\/logo\/image\/\"},\"sameAs\":[\"https:\/\/www.facebook.com\/estonianspas\"]}]}<\/script>\n<!-- \/ Yoast SEO plugin. -->","yoast_head_json":{"title":"Tilaa Uutiskirje - Eestispaad","robots":{"index":"index","follow":"follow","max-snippet":"max-snippet:-1","max-image-preview":"max-image-preview:large","max-video-preview":"max-video-preview:-1"},"canonical":"https:\/\/eestispaad.ee\/fi\/tilaa-uutiskirje\/","og_locale":"fi_FI","og_type":"article","og_title":"Tilaa Uutiskirje - Eestispaad","og_description":"Tilatessasi uutiskirjeen annat Viron Kylpyl\u00e4liitolle (Sadama 9\/11, Haapsalu, Viro) luvan tallentaa s\u00e4hk\u00f6postiosoitteesi sek\u00e4 k\u00e4ytt\u00e4\u00e4 niit\u00e4 tietojen l\u00e4hett\u00e4miseen Viron kylpyl\u00e4liiton tuotteista ja palveluista sek\u00e4 ostotottumustesi seuraamiseen. S\u00e4hk\u00f6postiosoitteesi k\u00e4ytt\u00f6\u00f6n liittyen sinulla on kaikki henkil\u00f6tietolain ja s\u00e4hk\u00f6isen viestinn\u00e4n lain mukaiset oikeudet, joita meid\u00e4n on kunnioitettava.","og_url":"https:\/\/eestispaad.ee\/fi\/tilaa-uutiskirje\/","og_site_name":"Eestispaad","article_publisher":"https:\/\/www.facebook.com\/estonianspas","article_modified_time":"2024-04-16T09:46:01+00:00","twitter_card":"summary_large_image","twitter_misc":{"Est. reading time":"1 minuutti"},"schema":{"@context":"https:\/\/schema.org","@graph":[{"@type":"WebPage","@id":"https:\/\/eestispaad.ee\/fi\/tilaa-uutiskirje\/","url":"https:\/\/eestispaad.ee\/fi\/tilaa-uutiskirje\/","name":"Tilaa Uutiskirje - Eestispaad","isPartOf":{"@id":"https:\/\/eestispaad.ee\/#website"},"datePublished":"2024-04-16T09:42:52+00:00","dateModified":"2024-04-16T09:46:01+00:00","breadcrumb":{"@id":"https:\/\/eestispaad.ee\/fi\/tilaa-uutiskirje\/#breadcrumb"},"inLanguage":"fi","potentialAction":[{"@type":"ReadAction","target":["https:\/\/eestispaad.ee\/fi\/tilaa-uutiskirje\/"]}]},{"@type":"BreadcrumbList","@id":"https:\/\/eestispaad.ee\/fi\/tilaa-uutiskirje\/#breadcrumb","itemListElement":[{"@type":"ListItem","position":1,"name":"Home","item":"https:\/\/eestispaad.ee\/fi\/"},{"@type":"ListItem","position":2,"name":"Tilaa Uutiskirje"}]},{"@type":"WebSite","@id":"https:\/\/eestispaad.ee\/#website","url":"https:\/\/eestispaad.ee\/","name":"Eesti spaad","description":"","publisher":{"@id":"https:\/\/eestispaad.ee\/#organization"},"potentialAction":[{"@type":"SearchAction","target":{"@type":"EntryPoint","urlTemplate":"https:\/\/eestispaad.ee\/?s={search_term_string}"},"query-input":"required name=search_term_string"}],"inLanguage":"fi"},{"@type":"Organization","@id":"https:\/\/eestispaad.ee\/#organization","name":"Eesti spaad","url":"https:\/\/eestispaad.ee\/","logo":{"@type":"ImageObject","inLanguage":"fi","@id":"https:\/\/eestispaad.ee\/#\/schema\/logo\/image\/","url":"https:\/\/eestispaad.ee\/wp-content\/uploads\/2023\/12\/Screenshot-2023-12-09-at-21.42.51.png","contentUrl":"https:\/\/eestispaad.ee\/wp-content\/uploads\/2023\/12\/Screenshot-2023-12-09-at-21.42.51.png","width":2130,"height":396,"caption":"Eesti spaad"},"image":{"@id":"https:\/\/eestispaad.ee\/#\/schema\/logo\/image\/"},"sameAs":["https:\/\/www.facebook.com\/estonianspas"]}]}},"_links":{"self":[{"href":"https:\/\/test-eestispaad.miriada.ee\/fi\/wp-json\/wp\/v2\/pages\/7027"}],"collection":[{"href":"https:\/\/test-eestispaad.miriada.ee\/fi\/wp-json\/wp\/v2\/pages"}],"about":[{"href":"https:\/\/test-eestispaad.miriada.ee\/fi\/wp-json\/wp\/v2\/types\/page"}],"author":[{"embeddable":true,"href":"https:\/\/test-eestispaad.miriada.ee\/fi\/wp-json\/wp\/v2\/users\/1"}],"replies":[{"embeddable":true,"href":"https:\/\/test-eestispaad.miriada.ee\/fi\/wp-json\/wp\/v2\/comments?post=7027"}],"version-history":[{"count":1,"href":"https:\/\/test-eestispaad.miriada.ee\/fi\/wp-json\/wp\/v2\/pages\/7027\/revisions"}],"predecessor-version":[{"id":7028,"href":"https:\/\/test-eestispaad.miriada.ee\/fi\/wp-json\/wp\/v2\/pages\/7027\/revisions\/7028"}],"wp:attachment":[{"href":"https:\/\/test-eestispaad.miriada.ee\/fi\/wp-json\/wp\/v2\/media?parent=7027"}],"curies":[{"name":"wp","href":"https:\/\/api.w.org\/{rel}","templated":true}]}}