{"id":5985,"date":"2023-06-28T13:58:21","date_gmt":"2023-06-28T10:58:21","guid":{"rendered":"https:\/\/eestispaad.ee\/?post_type=product&#038;p=5985"},"modified":"2024-01-16T18:06:46","modified_gmt":"2024-01-16T16:06:46","slug":"lahjakortti-100-e","status":"publish","type":"product","link":"https:\/\/test-eestispaad.miriada.ee\/fi\/tuote\/lahjakortti-100-e\/","title":{"rendered":"Lahjakortti 100 \u20ac"},"content":{"rendered":"<ul>\n<li>Voit valita itsellesi sopivan palvelun lahjakortissa olevan summan rajoissa.<\/li>\n<li>Lahjakortti on voimassa 12 kuukautta.<\/li>\n<li>Lahjakortin voi k\u00e4ytt\u00e4\u00e4 kortissa ilmoitetun voimassaoloajan kuluessa.<\/li>\n<li>Lahjakorttia ei palauteta eik\u00e4 sit\u00e4 voi vaihtaa rahaksi.<\/li>\n<\/ul>\n<p>Lahjakortia saa k\u00e4ytt\u00e4\u00e4:<\/p>\n<ul>\n<li><a href=\"https:\/\/www.estonianspas.eu\/spa\/aura-keskus\/\">Aura Keskus<\/a><\/li>\n<li><a href=\"https:\/\/www.estonianspas.eu\/spa\/estonia-medical-spa-hotell\/\">Estonia Medical Spa &amp; Hotel<\/a><\/li>\n<li><a href=\"https:\/\/www.estonianspas.eu\/spa\/estonia-resort-hotel-spa\/\">Estonia Resort Hotel &amp; Spa<\/a><\/li>\n<li><a href=\"https:\/\/www.estonianspas.eu\/spa\/fra-mare-thalasso-spa-5\/\">Fra Mare Thalasso Spa<\/a><\/li>\n<li><a href=\"https:\/\/www.estonianspas.eu\/spa\/johan-spa-hotel\/\">Johan Spa Hotel<\/a><\/li>\n<li><a href=\"https:\/\/www.estonianspas.eu\/spa\/kalev-spa-hotell-veekeskus-3\/\">Kalev Spa Hotell &amp; Veekeskus<\/a><\/li>\n<li><a href=\"https:\/\/www.estonianspas.eu\/spa\/kubija-hotell-loodusspaa\/\">Kubija hotell-loodusspaa<\/a><\/li>\n<li><a href=\"https:\/\/www.estonianspas.eu\/spa\/lossispaa-wagenkull\/\">Lossispaa Wagenk\u00fcll<\/a><\/li>\n<li><a href=\"https:\/\/www.estonianspas.eu\/spa\/meri-spa-hotel\/\">Meri Spa Hotel<\/a><\/li>\n<li><a href=\"https:\/\/www.estonianspas.eu\/spa\/narva-joesuu-medical-spa\/\">Narva-J\u00f5esuu Medical Spa<\/a><\/li>\n<li><a href=\"https:\/\/www.estonianspas.eu\/spa\/suure-jaani-tervisekoda\/\">Suure-Jaani Tervisekoda<\/a><\/li>\n<li><a href=\"https:\/\/www.estonianspas.eu\/spa\/toila-spa-hotell-3\/\">Toila Spa Hotell<\/a><\/li>\n<li><a href=\"https:\/\/www.estonianspas.eu\/spa\/varska-sanatoorium-veekeskus-3\/\">V\u00e4rska Kuurortravikeskus<\/a><\/li>\n<li><a href=\"https:\/\/www.estonianspas.eu\/spa\/viiking-spa-hotel-5\/\">Viiking Spa Hotel<\/a><\/li>\n<\/ul>\n","protected":false},"excerpt":{"rendered":"<p>Voit valita itsellesi sopivan palvelun lahjakortissa olevan summan rajoissa. Lahjakortti on voimassa 12 kuukautta. Lahjakortin voi k\u00e4ytt\u00e4\u00e4 kortissa ilmoitetun voimassaoloajan kuluessa. Lahjakorttia ei palauteta eik\u00e4 sit\u00e4 voi vaihtaa rahaksi. Lahjakortia saa k\u00e4ytt\u00e4\u00e4: Aura Keskus Estonia Medical Spa &amp; Hotel Estonia Resort Hotel &amp; Spa Fra Mare Thalasso Spa Johan Spa Hotel Kalev Spa Hotell &amp; [&hellip;]<\/p>\n","protected":false},"featured_media":6127,"comment_status":"open","ping_status":"closed","template":"","meta":[],"product_cat":[214],"product_tag":[],"acf":[],"yoast_head":"<!-- This site is optimized with the Yoast SEO plugin v21.4 - https:\/\/yoast.com\/wordpress\/plugins\/seo\/ -->\n<title>Lahjakortti 100 \u20ac - Eestispaad<\/title>\n<meta name=\"description\" content=\"Viron kylpyl\u00f6iden lahjakortti - t\u00e4m\u00e4 on t\u00e4ydellinen tilaisuus antaa l\u00e4heisillesi ikimuistoisia el\u00e4myksi\u00e4 ja rentouttavia lomahetki\u00e4.\" \/>\n<meta name=\"robots\" content=\"index, follow, max-snippet:-1, max-image-preview:large, max-video-preview:-1\" \/>\n<link rel=\"canonical\" href=\"https:\/\/eestispaad.ee\/fi\/tuote\/lahjakortti-100-e\/\" \/>\n<meta property=\"og:locale\" content=\"fi_FI\" \/>\n<meta property=\"og:type\" content=\"article\" \/>\n<meta property=\"og:title\" content=\"Lahjakortti 100 \u20ac - Eestispaad\" \/>\n<meta property=\"og:description\" content=\"Viron kylpyl\u00f6iden lahjakortti - t\u00e4m\u00e4 on t\u00e4ydellinen tilaisuus antaa l\u00e4heisillesi ikimuistoisia el\u00e4myksi\u00e4 ja rentouttavia lomahetki\u00e4.\" \/>\n<meta property=\"og:url\" content=\"https:\/\/eestispaad.ee\/fi\/tuote\/lahjakortti-100-e\/\" \/>\n<meta property=\"og:site_name\" content=\"Eestispaad\" \/>\n<meta property=\"article:publisher\" content=\"https:\/\/www.facebook.com\/estonianspas\" \/>\n<meta property=\"article:modified_time\" content=\"2024-01-16T16:06:46+00:00\" \/>\n<meta property=\"og:image\" content=\"https:\/\/eestispaad.ee\/wp-content\/uploads\/2023\/06\/espal_kinkekaart_hotell_1080x1080_Insta.jpg\" \/>\n\t<meta property=\"og:image:width\" content=\"1080\" \/>\n\t<meta property=\"og:image:height\" content=\"1080\" \/>\n\t<meta property=\"og:image:type\" content=\"image\/jpeg\" \/>\n<meta name=\"twitter:card\" content=\"summary_large_image\" \/>\n<meta name=\"twitter:label1\" content=\"Est. reading time\" \/>\n\t<meta name=\"twitter:data1\" content=\"1 minuutti\" \/>\n<script type=\"application\/ld+json\" class=\"yoast-schema-graph\">{\"@context\":\"https:\/\/schema.org\",\"@graph\":[{\"@type\":\"WebPage\",\"@id\":\"https:\/\/eestispaad.ee\/fi\/tuote\/lahjakortti-100-e\/\",\"url\":\"https:\/\/eestispaad.ee\/fi\/tuote\/lahjakortti-100-e\/\",\"name\":\"Lahjakortti 100 \u20ac - Eestispaad\",\"isPartOf\":{\"@id\":\"https:\/\/eestispaad.ee\/#website\"},\"datePublished\":\"2023-06-28T10:58:21+00:00\",\"dateModified\":\"2024-01-16T16:06:46+00:00\",\"description\":\"Viron kylpyl\u00f6iden lahjakortti - t\u00e4m\u00e4 on t\u00e4ydellinen tilaisuus antaa l\u00e4heisillesi ikimuistoisia el\u00e4myksi\u00e4 ja rentouttavia lomahetki\u00e4.\",\"breadcrumb\":{\"@id\":\"https:\/\/eestispaad.ee\/fi\/tuote\/lahjakortti-100-e\/#breadcrumb\"},\"inLanguage\":\"fi\",\"potentialAction\":[{\"@type\":\"ReadAction\",\"target\":[\"https:\/\/eestispaad.ee\/fi\/tuote\/lahjakortti-100-e\/\"]}]},{\"@type\":\"BreadcrumbList\",\"@id\":\"https:\/\/eestispaad.ee\/fi\/tuote\/lahjakortti-100-e\/#breadcrumb\",\"itemListElement\":[{\"@type\":\"ListItem\",\"position\":1,\"name\":\"Home\",\"item\":\"https:\/\/eestispaad.ee\/fi\/\"},{\"@type\":\"ListItem\",\"position\":2,\"name\":\"Shop\",\"item\":\"https:\/\/eestispaad.ee\/fi\/shop\/\"},{\"@type\":\"ListItem\",\"position\":3,\"name\":\"Lahjakortti 100 \u20ac\"}]},{\"@type\":\"WebSite\",\"@id\":\"https:\/\/eestispaad.ee\/#website\",\"url\":\"https:\/\/eestispaad.ee\/\",\"name\":\"Eesti spaad\",\"description\":\"\",\"publisher\":{\"@id\":\"https:\/\/eestispaad.ee\/#organization\"},\"potentialAction\":[{\"@type\":\"SearchAction\",\"target\":{\"@type\":\"EntryPoint\",\"urlTemplate\":\"https:\/\/eestispaad.ee\/?s={search_term_string}\"},\"query-input\":\"required name=search_term_string\"}],\"inLanguage\":\"fi\"},{\"@type\":\"Organization\",\"@id\":\"https:\/\/eestispaad.ee\/#organization\",\"name\":\"Eesti spaad\",\"url\":\"https:\/\/eestispaad.ee\/\",\"logo\":{\"@type\":\"ImageObject\",\"inLanguage\":\"fi\",\"@id\":\"https:\/\/eestispaad.ee\/#\/schema\/logo\/image\/\",\"url\":\"https:\/\/eestispaad.ee\/wp-content\/uploads\/2023\/12\/Screenshot-2023-12-09-at-21.42.51.png\",\"contentUrl\":\"https:\/\/eestispaad.ee\/wp-content\/uploads\/2023\/12\/Screenshot-2023-12-09-at-21.42.51.png\",\"width\":2130,\"height\":396,\"caption\":\"Eesti spaad\"},\"image\":{\"@id\":\"https:\/\/eestispaad.ee\/#\/schema\/logo\/image\/\"},\"sameAs\":[\"https:\/\/www.facebook.com\/estonianspas\"]}]}<\/script>\n<!-- \/ Yoast SEO plugin. -->","yoast_head_json":{"title":"Lahjakortti 100 \u20ac - Eestispaad","description":"Viron kylpyl\u00f6iden lahjakortti - t\u00e4m\u00e4 on t\u00e4ydellinen tilaisuus antaa l\u00e4heisillesi ikimuistoisia el\u00e4myksi\u00e4 ja rentouttavia lomahetki\u00e4.","robots":{"index":"index","follow":"follow","max-snippet":"max-snippet:-1","max-image-preview":"max-image-preview:large","max-video-preview":"max-video-preview:-1"},"canonical":"https:\/\/eestispaad.ee\/fi\/tuote\/lahjakortti-100-e\/","og_locale":"fi_FI","og_type":"article","og_title":"Lahjakortti 100 \u20ac - Eestispaad","og_description":"Viron kylpyl\u00f6iden lahjakortti - t\u00e4m\u00e4 on t\u00e4ydellinen tilaisuus antaa l\u00e4heisillesi ikimuistoisia el\u00e4myksi\u00e4 ja rentouttavia lomahetki\u00e4.","og_url":"https:\/\/eestispaad.ee\/fi\/tuote\/lahjakortti-100-e\/","og_site_name":"Eestispaad","article_publisher":"https:\/\/www.facebook.com\/estonianspas","article_modified_time":"2024-01-16T16:06:46+00:00","og_image":[{"width":1080,"height":1080,"url":"https:\/\/eestispaad.ee\/wp-content\/uploads\/2023\/06\/espal_kinkekaart_hotell_1080x1080_Insta.jpg","type":"image\/jpeg"}],"twitter_card":"summary_large_image","twitter_misc":{"Est. reading time":"1 minuutti"},"schema":{"@context":"https:\/\/schema.org","@graph":[{"@type":"WebPage","@id":"https:\/\/eestispaad.ee\/fi\/tuote\/lahjakortti-100-e\/","url":"https:\/\/eestispaad.ee\/fi\/tuote\/lahjakortti-100-e\/","name":"Lahjakortti 100 \u20ac - Eestispaad","isPartOf":{"@id":"https:\/\/eestispaad.ee\/#website"},"datePublished":"2023-06-28T10:58:21+00:00","dateModified":"2024-01-16T16:06:46+00:00","description":"Viron kylpyl\u00f6iden lahjakortti - t\u00e4m\u00e4 on t\u00e4ydellinen tilaisuus antaa l\u00e4heisillesi ikimuistoisia el\u00e4myksi\u00e4 ja rentouttavia lomahetki\u00e4.","breadcrumb":{"@id":"https:\/\/eestispaad.ee\/fi\/tuote\/lahjakortti-100-e\/#breadcrumb"},"inLanguage":"fi","potentialAction":[{"@type":"ReadAction","target":["https:\/\/eestispaad.ee\/fi\/tuote\/lahjakortti-100-e\/"]}]},{"@type":"BreadcrumbList","@id":"https:\/\/eestispaad.ee\/fi\/tuote\/lahjakortti-100-e\/#breadcrumb","itemListElement":[{"@type":"ListItem","position":1,"name":"Home","item":"https:\/\/eestispaad.ee\/fi\/"},{"@type":"ListItem","position":2,"name":"Shop","item":"https:\/\/eestispaad.ee\/fi\/shop\/"},{"@type":"ListItem","position":3,"name":"Lahjakortti 100 \u20ac"}]},{"@type":"WebSite","@id":"https:\/\/eestispaad.ee\/#website","url":"https:\/\/eestispaad.ee\/","name":"Eesti spaad","description":"","publisher":{"@id":"https:\/\/eestispaad.ee\/#organization"},"potentialAction":[{"@type":"SearchAction","target":{"@type":"EntryPoint","urlTemplate":"https:\/\/eestispaad.ee\/?s={search_term_string}"},"query-input":"required name=search_term_string"}],"inLanguage":"fi"},{"@type":"Organization","@id":"https:\/\/eestispaad.ee\/#organization","name":"Eesti spaad","url":"https:\/\/eestispaad.ee\/","logo":{"@type":"ImageObject","inLanguage":"fi","@id":"https:\/\/eestispaad.ee\/#\/schema\/logo\/image\/","url":"https:\/\/eestispaad.ee\/wp-content\/uploads\/2023\/12\/Screenshot-2023-12-09-at-21.42.51.png","contentUrl":"https:\/\/eestispaad.ee\/wp-content\/uploads\/2023\/12\/Screenshot-2023-12-09-at-21.42.51.png","width":2130,"height":396,"caption":"Eesti spaad"},"image":{"@id":"https:\/\/eestispaad.ee\/#\/schema\/logo\/image\/"},"sameAs":["https:\/\/www.facebook.com\/estonianspas"]}]}},"_links":{"self":[{"href":"https:\/\/test-eestispaad.miriada.ee\/fi\/wp-json\/wp\/v2\/product\/5985"}],"collection":[{"href":"https:\/\/test-eestispaad.miriada.ee\/fi\/wp-json\/wp\/v2\/product"}],"about":[{"href":"https:\/\/test-eestispaad.miriada.ee\/fi\/wp-json\/wp\/v2\/types\/product"}],"replies":[{"embeddable":true,"href":"https:\/\/test-eestispaad.miriada.ee\/fi\/wp-json\/wp\/v2\/comments?post=5985"}],"wp:featuredmedia":[{"embeddable":true,"href":"https:\/\/test-eestispaad.miriada.ee\/fi\/wp-json\/wp\/v2\/media\/6127"}],"wp:attachment":[{"href":"https:\/\/test-eestispaad.miriada.ee\/fi\/wp-json\/wp\/v2\/media?parent=5985"}],"wp:term":[{"taxonomy":"product_cat","embeddable":true,"href":"https:\/\/test-eestispaad.miriada.ee\/fi\/wp-json\/wp\/v2\/product_cat?post=5985"},{"taxonomy":"product_tag","embeddable":true,"href":"https:\/\/test-eestispaad.miriada.ee\/fi\/wp-json\/wp\/v2\/product_tag?post=5985"}],"curies":[{"name":"wp","href":"https:\/\/api.w.org\/{rel}","templated":true}]}}