{"id":6843,"date":"2023-05-22T12:50:07","date_gmt":"2023-05-22T09:50:07","guid":{"rendered":"https:\/\/eestispaad.ee\/?page_id=6843"},"modified":"2024-04-08T17:23:23","modified_gmt":"2024-04-08T14:23:23","slug":"meist","status":"publish","type":"page","link":"https:\/\/test-eestispaad.miriada.ee\/lv\/meist\/","title":{"rendered":"Par mums"},"content":{"rendered":"\n<h2 class=\"wp-block-heading\">Spaa traditsioonid<\/h2>\n\n\n\n<p>Kuurortide teket Eestis soodustasid siinsed heade raviomadustega mudalademed ja kohalike arstide huvi tervisemuda ning ravisupluse rakendamise v\u00f5imaluse vastu ravipraktikas. Eesti kuurordid hakkasid arenema 19. sajandi keskel, oma tegevuse t\u00e4ishoo saavutasid nad sajandivahetuseks ja nende areng toimus kuni Esimese maailmas\u00f5jani.<\/p>\n\n\n\n<p>T\u00f5uke turismi elavnemiseks andis 1870. aastatel raudtee ehitamine. Nii kujunesid Haapsalu ja Narva-J\u00f5esuu piirkonnad kiiresti Venemaa tsaari \u00f5ukonna, vene rikaste ettev\u00f5tjate ning k\u00f5rgintelligentsi eelistatumateks puhkepaikadeks. Samal ajal kujunesid kuurortlinnadeks ka P\u00e4rnu ja Kuressaare.<\/p>\n\n\n\n<p>Kuurortide areng toimus t\u00e4ie hooga ka N\u00f5ukogude ajal. Laiendati olemasolevaid raviv\u00f5imalusi ning ehitati juurde uusi ravi- ja puhkekomplekse.<\/p>\n\n\n\n<p>T\u00e4na on Eesti Spaaliitu kuuluvad ettev\u00f5tted kaasaegse sisseseade, mugavate majutusv\u00f5imalustega ja laialdaste raviv\u00f5imalustega. Lisaks ravispaa (medical spa) teenustele pakuvad ettev\u00f5tted ka heaolu (wellness) teenuseid, iluteenuseid ning mitmek\u00fclgseid vaba aja veetmise v\u00f5imalusi.<\/p>\n\n\n\n<p><strong>Usume, et meie pikaajalised kogemused spaa teenuste pakkujatena aitavad Teil taastada tervist ja hoida elukvaliteeti.<\/strong><\/p>\n\n\n\n<h1 class=\"wp-block-heading\"><\/h1>\n","protected":false},"excerpt":{"rendered":"<p>Spaa traditsioonid Kuurortide teket Eestis soodustasid siinsed heade raviomadustega mudalademed ja kohalike arstide huvi tervisemuda ning ravisupluse rakendamise v\u00f5imaluse vastu ravipraktikas. Eesti kuurordid hakkasid arenema 19. sajandi keskel, oma tegevuse t\u00e4ishoo saavutasid nad sajandivahetuseks ja nende areng toimus kuni Esimese maailmas\u00f5jani. T\u00f5uke turismi elavnemiseks andis 1870. aastatel raudtee ehitamine. Nii kujunesid Haapsalu ja Narva-J\u00f5esuu piirkonnad [&hellip;]<\/p>\n","protected":false},"author":1,"featured_media":0,"parent":0,"menu_order":0,"comment_status":"closed","ping_status":"closed","template":"","meta":{"footnotes":""},"acf":[],"yoast_head":"<!-- This site is optimized with the Yoast SEO plugin v21.4 - https:\/\/yoast.com\/wordpress\/plugins\/seo\/ -->\n<title>Par mums - Eestispaad<\/title>\n<meta name=\"robots\" content=\"index, follow, max-snippet:-1, max-image-preview:large, max-video-preview:-1\" \/>\n<link rel=\"canonical\" href=\"https:\/\/eestispaad.ee\/lv\/meist\/\" \/>\n<meta property=\"og:locale\" content=\"lv_LV\" \/>\n<meta property=\"og:type\" content=\"article\" \/>\n<meta property=\"og:title\" content=\"Par mums - Eestispaad\" \/>\n<meta property=\"og:description\" content=\"Spaa traditsioonid Kuurortide teket Eestis soodustasid siinsed heade raviomadustega mudalademed ja kohalike arstide huvi tervisemuda ning ravisupluse rakendamise v\u00f5imaluse vastu ravipraktikas. Eesti kuurordid hakkasid arenema 19. sajandi keskel, oma tegevuse t\u00e4ishoo saavutasid nad sajandivahetuseks ja nende areng toimus kuni Esimese maailmas\u00f5jani. T\u00f5uke turismi elavnemiseks andis 1870. aastatel raudtee ehitamine. Nii kujunesid Haapsalu ja Narva-J\u00f5esuu piirkonnad [&hellip;]\" \/>\n<meta property=\"og:url\" content=\"https:\/\/eestispaad.ee\/lv\/meist\/\" \/>\n<meta property=\"og:site_name\" content=\"Eestispaad\" \/>\n<meta property=\"article:publisher\" content=\"https:\/\/www.facebook.com\/estonianspas\" \/>\n<meta property=\"article:modified_time\" content=\"2024-04-08T14:23:23+00:00\" \/>\n<meta name=\"twitter:card\" content=\"summary_large_image\" \/>\n<meta name=\"twitter:label1\" content=\"Est. reading time\" \/>\n\t<meta name=\"twitter:data1\" content=\"1 minute\" \/>\n<script type=\"application\/ld+json\" class=\"yoast-schema-graph\">{\"@context\":\"https:\/\/schema.org\",\"@graph\":[{\"@type\":\"WebPage\",\"@id\":\"https:\/\/eestispaad.ee\/lv\/meist\/\",\"url\":\"https:\/\/eestispaad.ee\/lv\/meist\/\",\"name\":\"Par mums - Eestispaad\",\"isPartOf\":{\"@id\":\"https:\/\/eestispaad.ee\/#website\"},\"datePublished\":\"2023-05-22T09:50:07+00:00\",\"dateModified\":\"2024-04-08T14:23:23+00:00\",\"breadcrumb\":{\"@id\":\"https:\/\/eestispaad.ee\/lv\/meist\/#breadcrumb\"},\"inLanguage\":\"lv-LV\",\"potentialAction\":[{\"@type\":\"ReadAction\",\"target\":[\"https:\/\/eestispaad.ee\/lv\/meist\/\"]}]},{\"@type\":\"BreadcrumbList\",\"@id\":\"https:\/\/eestispaad.ee\/lv\/meist\/#breadcrumb\",\"itemListElement\":[{\"@type\":\"ListItem\",\"position\":1,\"name\":\"Home\",\"item\":\"https:\/\/eestispaad.ee\/lv\/\"},{\"@type\":\"ListItem\",\"position\":2,\"name\":\"Par mums\"}]},{\"@type\":\"WebSite\",\"@id\":\"https:\/\/eestispaad.ee\/#website\",\"url\":\"https:\/\/eestispaad.ee\/\",\"name\":\"Eesti spaad\",\"description\":\"\",\"publisher\":{\"@id\":\"https:\/\/eestispaad.ee\/#organization\"},\"potentialAction\":[{\"@type\":\"SearchAction\",\"target\":{\"@type\":\"EntryPoint\",\"urlTemplate\":\"https:\/\/eestispaad.ee\/?s={search_term_string}\"},\"query-input\":\"required name=search_term_string\"}],\"inLanguage\":\"lv-LV\"},{\"@type\":\"Organization\",\"@id\":\"https:\/\/eestispaad.ee\/#organization\",\"name\":\"Eesti spaad\",\"url\":\"https:\/\/eestispaad.ee\/\",\"logo\":{\"@type\":\"ImageObject\",\"inLanguage\":\"lv-LV\",\"@id\":\"https:\/\/eestispaad.ee\/#\/schema\/logo\/image\/\",\"url\":\"https:\/\/eestispaad.ee\/wp-content\/uploads\/2023\/12\/Screenshot-2023-12-09-at-21.42.51.png\",\"contentUrl\":\"https:\/\/eestispaad.ee\/wp-content\/uploads\/2023\/12\/Screenshot-2023-12-09-at-21.42.51.png\",\"width\":2130,\"height\":396,\"caption\":\"Eesti spaad\"},\"image\":{\"@id\":\"https:\/\/eestispaad.ee\/#\/schema\/logo\/image\/\"},\"sameAs\":[\"https:\/\/www.facebook.com\/estonianspas\"]}]}<\/script>\n<!-- \/ Yoast SEO plugin. -->","yoast_head_json":{"title":"Par mums - Eestispaad","robots":{"index":"index","follow":"follow","max-snippet":"max-snippet:-1","max-image-preview":"max-image-preview:large","max-video-preview":"max-video-preview:-1"},"canonical":"https:\/\/eestispaad.ee\/lv\/meist\/","og_locale":"lv_LV","og_type":"article","og_title":"Par mums - Eestispaad","og_description":"Spaa traditsioonid Kuurortide teket Eestis soodustasid siinsed heade raviomadustega mudalademed ja kohalike arstide huvi tervisemuda ning ravisupluse rakendamise v\u00f5imaluse vastu ravipraktikas. Eesti kuurordid hakkasid arenema 19. sajandi keskel, oma tegevuse t\u00e4ishoo saavutasid nad sajandivahetuseks ja nende areng toimus kuni Esimese maailmas\u00f5jani. T\u00f5uke turismi elavnemiseks andis 1870. aastatel raudtee ehitamine. Nii kujunesid Haapsalu ja Narva-J\u00f5esuu piirkonnad [&hellip;]","og_url":"https:\/\/eestispaad.ee\/lv\/meist\/","og_site_name":"Eestispaad","article_publisher":"https:\/\/www.facebook.com\/estonianspas","article_modified_time":"2024-04-08T14:23:23+00:00","twitter_card":"summary_large_image","twitter_misc":{"Est. reading time":"1 minute"},"schema":{"@context":"https:\/\/schema.org","@graph":[{"@type":"WebPage","@id":"https:\/\/eestispaad.ee\/lv\/meist\/","url":"https:\/\/eestispaad.ee\/lv\/meist\/","name":"Par mums - Eestispaad","isPartOf":{"@id":"https:\/\/eestispaad.ee\/#website"},"datePublished":"2023-05-22T09:50:07+00:00","dateModified":"2024-04-08T14:23:23+00:00","breadcrumb":{"@id":"https:\/\/eestispaad.ee\/lv\/meist\/#breadcrumb"},"inLanguage":"lv-LV","potentialAction":[{"@type":"ReadAction","target":["https:\/\/eestispaad.ee\/lv\/meist\/"]}]},{"@type":"BreadcrumbList","@id":"https:\/\/eestispaad.ee\/lv\/meist\/#breadcrumb","itemListElement":[{"@type":"ListItem","position":1,"name":"Home","item":"https:\/\/eestispaad.ee\/lv\/"},{"@type":"ListItem","position":2,"name":"Par mums"}]},{"@type":"WebSite","@id":"https:\/\/eestispaad.ee\/#website","url":"https:\/\/eestispaad.ee\/","name":"Eesti spaad","description":"","publisher":{"@id":"https:\/\/eestispaad.ee\/#organization"},"potentialAction":[{"@type":"SearchAction","target":{"@type":"EntryPoint","urlTemplate":"https:\/\/eestispaad.ee\/?s={search_term_string}"},"query-input":"required name=search_term_string"}],"inLanguage":"lv-LV"},{"@type":"Organization","@id":"https:\/\/eestispaad.ee\/#organization","name":"Eesti spaad","url":"https:\/\/eestispaad.ee\/","logo":{"@type":"ImageObject","inLanguage":"lv-LV","@id":"https:\/\/eestispaad.ee\/#\/schema\/logo\/image\/","url":"https:\/\/eestispaad.ee\/wp-content\/uploads\/2023\/12\/Screenshot-2023-12-09-at-21.42.51.png","contentUrl":"https:\/\/eestispaad.ee\/wp-content\/uploads\/2023\/12\/Screenshot-2023-12-09-at-21.42.51.png","width":2130,"height":396,"caption":"Eesti spaad"},"image":{"@id":"https:\/\/eestispaad.ee\/#\/schema\/logo\/image\/"},"sameAs":["https:\/\/www.facebook.com\/estonianspas"]}]}},"_links":{"self":[{"href":"https:\/\/test-eestispaad.miriada.ee\/lv\/wp-json\/wp\/v2\/pages\/6843"}],"collection":[{"href":"https:\/\/test-eestispaad.miriada.ee\/lv\/wp-json\/wp\/v2\/pages"}],"about":[{"href":"https:\/\/test-eestispaad.miriada.ee\/lv\/wp-json\/wp\/v2\/types\/page"}],"author":[{"embeddable":true,"href":"https:\/\/test-eestispaad.miriada.ee\/lv\/wp-json\/wp\/v2\/users\/1"}],"replies":[{"embeddable":true,"href":"https:\/\/test-eestispaad.miriada.ee\/lv\/wp-json\/wp\/v2\/comments?post=6843"}],"version-history":[{"count":4,"href":"https:\/\/test-eestispaad.miriada.ee\/lv\/wp-json\/wp\/v2\/pages\/6843\/revisions"}],"predecessor-version":[{"id":6873,"href":"https:\/\/test-eestispaad.miriada.ee\/lv\/wp-json\/wp\/v2\/pages\/6843\/revisions\/6873"}],"wp:attachment":[{"href":"https:\/\/test-eestispaad.miriada.ee\/lv\/wp-json\/wp\/v2\/media?parent=6843"}],"curies":[{"name":"wp","href":"https:\/\/api.w.org\/{rel}","templated":true}]}}