{"id":7003,"date":"2024-04-01T22:14:44","date_gmt":"2024-04-01T19:14:44","guid":{"rendered":"https:\/\/eestispaad.ee\/?page_id=7003"},"modified":"2024-04-11T00:04:11","modified_gmt":"2024-04-10T21:04:11","slug":"piesakieties-igaunijas-spa-zinu-lapai-un-laimejiet-spa-brivdienas-divam-personam","status":"publish","type":"page","link":"https:\/\/test-eestispaad.miriada.ee\/lv\/piesakieties-igaunijas-spa-zinu-lapai-un-laimejiet-spa-brivdienas-divam-personam\/","title":{"rendered":"Piesakieties Igaunijas spa Zi\u0146u lapai un laim\u0113jiet\u00a0 spa br\u012bvdienas div\u0101m person\u0101m!"},"content":{"rendered":"\n<p>Starp Zi\u0146u lapas abonentiem tiks izloz\u0113ta d\u0101vana &#8211; spa br\u012bvdienas div\u0101m person\u0101m!<\/p>\n\n\n\n<p>Uzvar\u0113t\u0101ja v\u0101rdu \u0161aj\u0101 lap\u0101 public\u0113sim 1. j\u016bnij\u0101.<\/p>\n","protected":false},"excerpt":{"rendered":"<p>Starp Zi\u0146u lapas abonentiem tiks izloz\u0113ta d\u0101vana &#8211; spa br\u012bvdienas div\u0101m person\u0101m! Uzvar\u0113t\u0101ja v\u0101rdu \u0161aj\u0101 lap\u0101 public\u0113sim 1. j\u016bnij\u0101.<\/p>\n","protected":false},"author":12,"featured_media":0,"parent":0,"menu_order":0,"comment_status":"closed","ping_status":"closed","template":"","meta":{"footnotes":""},"acf":[],"yoast_head":"<!-- This site is optimized with the Yoast SEO plugin v21.4 - https:\/\/yoast.com\/wordpress\/plugins\/seo\/ -->\n<title>Piesakieties Igaunijas spa Zi\u0146u lapai un laim\u0113jiet\u00a0 spa br\u012bvdienas div\u0101m person\u0101m! - Eestispaad<\/title>\n<meta name=\"description\" content=\"Piesakieties Igaunijas spa Zi\u0146u lapai un laim\u0113jiet\u00a0 spa br\u012bvdienas div\u0101m person\u0101m! Starp Zi\u0146u lapas abonentiem tiks izloz\u0113ta d\u0101vana - spa br\u012bvdienas div\u0101m person\u0101m.\" \/>\n<meta name=\"robots\" content=\"index, follow, max-snippet:-1, max-image-preview:large, max-video-preview:-1\" \/>\n<link rel=\"canonical\" href=\"https:\/\/eestispaad.ee\/lv\/piesakieties-igaunijas-spa-zinu-lapai-un-laimejiet-spa-brivdienas-divam-personam\/\" \/>\n<meta property=\"og:locale\" content=\"lv_LV\" \/>\n<meta property=\"og:type\" content=\"article\" \/>\n<meta property=\"og:title\" content=\"Piesakieties Igaunijas spa Zi\u0146u lapai un laim\u0113jiet\u00a0 spa br\u012bvdienas div\u0101m person\u0101m! - Eestispaad\" \/>\n<meta property=\"og:description\" content=\"Piesakieties Igaunijas spa Zi\u0146u lapai un laim\u0113jiet\u00a0 spa br\u012bvdienas div\u0101m person\u0101m! Starp Zi\u0146u lapas abonentiem tiks izloz\u0113ta d\u0101vana - spa br\u012bvdienas div\u0101m person\u0101m.\" \/>\n<meta property=\"og:url\" content=\"https:\/\/eestispaad.ee\/lv\/piesakieties-igaunijas-spa-zinu-lapai-un-laimejiet-spa-brivdienas-divam-personam\/\" \/>\n<meta property=\"og:site_name\" content=\"Eestispaad\" \/>\n<meta property=\"article:publisher\" content=\"https:\/\/www.facebook.com\/estonianspas\" \/>\n<meta property=\"article:modified_time\" content=\"2024-04-10T21:04:11+00:00\" \/>\n<meta name=\"twitter:card\" content=\"summary_large_image\" \/>\n<meta name=\"twitter:label1\" content=\"Est. reading time\" \/>\n\t<meta name=\"twitter:data1\" content=\"1 minute\" \/>\n<script type=\"application\/ld+json\" class=\"yoast-schema-graph\">{\"@context\":\"https:\/\/schema.org\",\"@graph\":[{\"@type\":\"WebPage\",\"@id\":\"https:\/\/eestispaad.ee\/lv\/piesakieties-igaunijas-spa-zinu-lapai-un-laimejiet-spa-brivdienas-divam-personam\/\",\"url\":\"https:\/\/eestispaad.ee\/lv\/piesakieties-igaunijas-spa-zinu-lapai-un-laimejiet-spa-brivdienas-divam-personam\/\",\"name\":\"Piesakieties Igaunijas spa Zi\u0146u lapai un laim\u0113jiet\u00a0 spa br\u012bvdienas div\u0101m person\u0101m! - Eestispaad\",\"isPartOf\":{\"@id\":\"https:\/\/eestispaad.ee\/#website\"},\"datePublished\":\"2024-04-01T19:14:44+00:00\",\"dateModified\":\"2024-04-10T21:04:11+00:00\",\"description\":\"Piesakieties Igaunijas spa Zi\u0146u lapai un laim\u0113jiet\u00a0 spa br\u012bvdienas div\u0101m person\u0101m! Starp Zi\u0146u lapas abonentiem tiks izloz\u0113ta d\u0101vana - spa br\u012bvdienas div\u0101m person\u0101m.\",\"breadcrumb\":{\"@id\":\"https:\/\/eestispaad.ee\/lv\/piesakieties-igaunijas-spa-zinu-lapai-un-laimejiet-spa-brivdienas-divam-personam\/#breadcrumb\"},\"inLanguage\":\"lv-LV\",\"potentialAction\":[{\"@type\":\"ReadAction\",\"target\":[\"https:\/\/eestispaad.ee\/lv\/piesakieties-igaunijas-spa-zinu-lapai-un-laimejiet-spa-brivdienas-divam-personam\/\"]}]},{\"@type\":\"BreadcrumbList\",\"@id\":\"https:\/\/eestispaad.ee\/lv\/piesakieties-igaunijas-spa-zinu-lapai-un-laimejiet-spa-brivdienas-divam-personam\/#breadcrumb\",\"itemListElement\":[{\"@type\":\"ListItem\",\"position\":1,\"name\":\"Home\",\"item\":\"https:\/\/eestispaad.ee\/lv\/\"},{\"@type\":\"ListItem\",\"position\":2,\"name\":\"Piesakieties Igaunijas spa Zi\u0146u lapai un laim\u0113jiet\u00a0 spa br\u012bvdienas div\u0101m person\u0101m!\"}]},{\"@type\":\"WebSite\",\"@id\":\"https:\/\/eestispaad.ee\/#website\",\"url\":\"https:\/\/eestispaad.ee\/\",\"name\":\"Eesti spaad\",\"description\":\"\",\"publisher\":{\"@id\":\"https:\/\/eestispaad.ee\/#organization\"},\"potentialAction\":[{\"@type\":\"SearchAction\",\"target\":{\"@type\":\"EntryPoint\",\"urlTemplate\":\"https:\/\/eestispaad.ee\/?s={search_term_string}\"},\"query-input\":\"required name=search_term_string\"}],\"inLanguage\":\"lv-LV\"},{\"@type\":\"Organization\",\"@id\":\"https:\/\/eestispaad.ee\/#organization\",\"name\":\"Eesti spaad\",\"url\":\"https:\/\/eestispaad.ee\/\",\"logo\":{\"@type\":\"ImageObject\",\"inLanguage\":\"lv-LV\",\"@id\":\"https:\/\/eestispaad.ee\/#\/schema\/logo\/image\/\",\"url\":\"https:\/\/eestispaad.ee\/wp-content\/uploads\/2023\/12\/Screenshot-2023-12-09-at-21.42.51.png\",\"contentUrl\":\"https:\/\/eestispaad.ee\/wp-content\/uploads\/2023\/12\/Screenshot-2023-12-09-at-21.42.51.png\",\"width\":2130,\"height\":396,\"caption\":\"Eesti spaad\"},\"image\":{\"@id\":\"https:\/\/eestispaad.ee\/#\/schema\/logo\/image\/\"},\"sameAs\":[\"https:\/\/www.facebook.com\/estonianspas\"]}]}<\/script>\n<!-- \/ Yoast SEO plugin. -->","yoast_head_json":{"title":"Piesakieties Igaunijas spa Zi\u0146u lapai un laim\u0113jiet\u00a0 spa br\u012bvdienas div\u0101m person\u0101m! - Eestispaad","description":"Piesakieties Igaunijas spa Zi\u0146u lapai un laim\u0113jiet\u00a0 spa br\u012bvdienas div\u0101m person\u0101m! Starp Zi\u0146u lapas abonentiem tiks izloz\u0113ta d\u0101vana - spa br\u012bvdienas div\u0101m person\u0101m.","robots":{"index":"index","follow":"follow","max-snippet":"max-snippet:-1","max-image-preview":"max-image-preview:large","max-video-preview":"max-video-preview:-1"},"canonical":"https:\/\/eestispaad.ee\/lv\/piesakieties-igaunijas-spa-zinu-lapai-un-laimejiet-spa-brivdienas-divam-personam\/","og_locale":"lv_LV","og_type":"article","og_title":"Piesakieties Igaunijas spa Zi\u0146u lapai un laim\u0113jiet\u00a0 spa br\u012bvdienas div\u0101m person\u0101m! - Eestispaad","og_description":"Piesakieties Igaunijas spa Zi\u0146u lapai un laim\u0113jiet\u00a0 spa br\u012bvdienas div\u0101m person\u0101m! Starp Zi\u0146u lapas abonentiem tiks izloz\u0113ta d\u0101vana - spa br\u012bvdienas div\u0101m person\u0101m.","og_url":"https:\/\/eestispaad.ee\/lv\/piesakieties-igaunijas-spa-zinu-lapai-un-laimejiet-spa-brivdienas-divam-personam\/","og_site_name":"Eestispaad","article_publisher":"https:\/\/www.facebook.com\/estonianspas","article_modified_time":"2024-04-10T21:04:11+00:00","twitter_card":"summary_large_image","twitter_misc":{"Est. reading time":"1 minute"},"schema":{"@context":"https:\/\/schema.org","@graph":[{"@type":"WebPage","@id":"https:\/\/eestispaad.ee\/lv\/piesakieties-igaunijas-spa-zinu-lapai-un-laimejiet-spa-brivdienas-divam-personam\/","url":"https:\/\/eestispaad.ee\/lv\/piesakieties-igaunijas-spa-zinu-lapai-un-laimejiet-spa-brivdienas-divam-personam\/","name":"Piesakieties Igaunijas spa Zi\u0146u lapai un laim\u0113jiet\u00a0 spa br\u012bvdienas div\u0101m person\u0101m! - Eestispaad","isPartOf":{"@id":"https:\/\/eestispaad.ee\/#website"},"datePublished":"2024-04-01T19:14:44+00:00","dateModified":"2024-04-10T21:04:11+00:00","description":"Piesakieties Igaunijas spa Zi\u0146u lapai un laim\u0113jiet\u00a0 spa br\u012bvdienas div\u0101m person\u0101m! Starp Zi\u0146u lapas abonentiem tiks izloz\u0113ta d\u0101vana - spa br\u012bvdienas div\u0101m person\u0101m.","breadcrumb":{"@id":"https:\/\/eestispaad.ee\/lv\/piesakieties-igaunijas-spa-zinu-lapai-un-laimejiet-spa-brivdienas-divam-personam\/#breadcrumb"},"inLanguage":"lv-LV","potentialAction":[{"@type":"ReadAction","target":["https:\/\/eestispaad.ee\/lv\/piesakieties-igaunijas-spa-zinu-lapai-un-laimejiet-spa-brivdienas-divam-personam\/"]}]},{"@type":"BreadcrumbList","@id":"https:\/\/eestispaad.ee\/lv\/piesakieties-igaunijas-spa-zinu-lapai-un-laimejiet-spa-brivdienas-divam-personam\/#breadcrumb","itemListElement":[{"@type":"ListItem","position":1,"name":"Home","item":"https:\/\/eestispaad.ee\/lv\/"},{"@type":"ListItem","position":2,"name":"Piesakieties Igaunijas spa Zi\u0146u lapai un laim\u0113jiet\u00a0 spa br\u012bvdienas div\u0101m person\u0101m!"}]},{"@type":"WebSite","@id":"https:\/\/eestispaad.ee\/#website","url":"https:\/\/eestispaad.ee\/","name":"Eesti spaad","description":"","publisher":{"@id":"https:\/\/eestispaad.ee\/#organization"},"potentialAction":[{"@type":"SearchAction","target":{"@type":"EntryPoint","urlTemplate":"https:\/\/eestispaad.ee\/?s={search_term_string}"},"query-input":"required name=search_term_string"}],"inLanguage":"lv-LV"},{"@type":"Organization","@id":"https:\/\/eestispaad.ee\/#organization","name":"Eesti spaad","url":"https:\/\/eestispaad.ee\/","logo":{"@type":"ImageObject","inLanguage":"lv-LV","@id":"https:\/\/eestispaad.ee\/#\/schema\/logo\/image\/","url":"https:\/\/eestispaad.ee\/wp-content\/uploads\/2023\/12\/Screenshot-2023-12-09-at-21.42.51.png","contentUrl":"https:\/\/eestispaad.ee\/wp-content\/uploads\/2023\/12\/Screenshot-2023-12-09-at-21.42.51.png","width":2130,"height":396,"caption":"Eesti spaad"},"image":{"@id":"https:\/\/eestispaad.ee\/#\/schema\/logo\/image\/"},"sameAs":["https:\/\/www.facebook.com\/estonianspas"]}]}},"_links":{"self":[{"href":"https:\/\/test-eestispaad.miriada.ee\/lv\/wp-json\/wp\/v2\/pages\/7003"}],"collection":[{"href":"https:\/\/test-eestispaad.miriada.ee\/lv\/wp-json\/wp\/v2\/pages"}],"about":[{"href":"https:\/\/test-eestispaad.miriada.ee\/lv\/wp-json\/wp\/v2\/types\/page"}],"author":[{"embeddable":true,"href":"https:\/\/test-eestispaad.miriada.ee\/lv\/wp-json\/wp\/v2\/users\/12"}],"replies":[{"embeddable":true,"href":"https:\/\/test-eestispaad.miriada.ee\/lv\/wp-json\/wp\/v2\/comments?post=7003"}],"version-history":[{"count":3,"href":"https:\/\/test-eestispaad.miriada.ee\/lv\/wp-json\/wp\/v2\/pages\/7003\/revisions"}],"predecessor-version":[{"id":7006,"href":"https:\/\/test-eestispaad.miriada.ee\/lv\/wp-json\/wp\/v2\/pages\/7003\/revisions\/7006"}],"wp:attachment":[{"href":"https:\/\/test-eestispaad.miriada.ee\/lv\/wp-json\/wp\/v2\/media?parent=7003"}],"curies":[{"name":"wp","href":"https:\/\/api.w.org\/{rel}","templated":true}]}}