{"id":7029,"date":"2024-04-16T12:42:52","date_gmt":"2024-04-16T09:42:52","guid":{"rendered":"https:\/\/eestispaad.ee\/tilaa-uutiskirje\/"},"modified":"2024-04-16T12:47:21","modified_gmt":"2024-04-16T09:47:21","slug":"abonejiet-informativo-izdevumu","status":"publish","type":"page","link":"https:\/\/test-eestispaad.miriada.ee\/lv\/abonejiet-informativo-izdevumu\/","title":{"rendered":"Abon\u0113jiet Informat\u012bvo Izdevumu"},"content":{"rendered":"\n<p>Abon\u0113jot informat\u012bvo izdevumu, j\u016bs piekr\u012btat, ka Eesti Spaaliit (Sadama 9\/11, H\u0101psalu, Igaunija) saglab\u0101s ar\u012b j\u016bsu e-pasta adresi un izmantos \u0161o kontaktinform\u0101ciju, lai nos\u016bt\u012btu jums inform\u0101ciju par Eesti Spaaliit produktiem un pakalpojumiem un j\u016bsu iepirk\u0161an\u0101s paradumi uzraudz\u012btu. Attiec\u012bb\u0101 uz j\u016bsu e-pasta izmanto\u0161anu uz jums attiecas Fizisko personu datu aizsardz\u012bbas likuma un Elektronisko sakaru likuma noteikumi.<\/p>\n","protected":false},"excerpt":{"rendered":"<p>Abon\u0113jot informat\u012bvo izdevumu, j\u016bs piekr\u012btat, ka Eesti Spaaliit (Sadama 9\/11, H\u0101psalu, Igaunija) saglab\u0101s ar\u012b j\u016bsu e-pasta adresi un izmantos \u0161o kontaktinform\u0101ciju, lai nos\u016bt\u012btu jums inform\u0101ciju par Eesti Spaaliit produktiem un pakalpojumiem un j\u016bsu iepirk\u0161an\u0101s paradumi uzraudz\u012btu. Attiec\u012bb\u0101 uz j\u016bsu e-pasta izmanto\u0161anu uz jums attiecas Fizisko personu datu aizsardz\u012bbas likuma un Elektronisko sakaru likuma noteikumi.<\/p>\n","protected":false},"author":1,"featured_media":0,"parent":0,"menu_order":0,"comment_status":"closed","ping_status":"closed","template":"page-newsletter.php","meta":{"footnotes":""},"acf":[],"yoast_head":"<!-- This site is optimized with the Yoast SEO plugin v21.4 - https:\/\/yoast.com\/wordpress\/plugins\/seo\/ -->\n<title>Abon\u0113jiet Informat\u012bvo Izdevumu - Eestispaad<\/title>\n<meta name=\"robots\" content=\"index, follow, max-snippet:-1, max-image-preview:large, max-video-preview:-1\" \/>\n<link rel=\"canonical\" href=\"https:\/\/eestispaad.ee\/lv\/abonejiet-informativo-izdevumu\/\" \/>\n<meta property=\"og:locale\" content=\"lv_LV\" \/>\n<meta property=\"og:type\" content=\"article\" \/>\n<meta property=\"og:title\" content=\"Abon\u0113jiet Informat\u012bvo Izdevumu - Eestispaad\" \/>\n<meta property=\"og:description\" content=\"Abon\u0113jot informat\u012bvo izdevumu, j\u016bs piekr\u012btat, ka Eesti Spaaliit (Sadama 9\/11, H\u0101psalu, Igaunija) saglab\u0101s ar\u012b j\u016bsu e-pasta adresi un izmantos \u0161o kontaktinform\u0101ciju, lai nos\u016bt\u012btu jums inform\u0101ciju par Eesti Spaaliit produktiem un pakalpojumiem un j\u016bsu iepirk\u0161an\u0101s paradumi uzraudz\u012btu. Attiec\u012bb\u0101 uz j\u016bsu e-pasta izmanto\u0161anu uz jums attiecas Fizisko personu datu aizsardz\u012bbas likuma un Elektronisko sakaru likuma noteikumi.\" \/>\n<meta property=\"og:url\" content=\"https:\/\/eestispaad.ee\/lv\/abonejiet-informativo-izdevumu\/\" \/>\n<meta property=\"og:site_name\" content=\"Eestispaad\" \/>\n<meta property=\"article:publisher\" content=\"https:\/\/www.facebook.com\/estonianspas\" \/>\n<meta property=\"article:modified_time\" content=\"2024-04-16T09:47:21+00:00\" \/>\n<meta name=\"twitter:card\" content=\"summary_large_image\" \/>\n<meta name=\"twitter:label1\" content=\"Est. reading time\" \/>\n\t<meta name=\"twitter:data1\" content=\"1 minute\" \/>\n<script type=\"application\/ld+json\" class=\"yoast-schema-graph\">{\"@context\":\"https:\/\/schema.org\",\"@graph\":[{\"@type\":\"WebPage\",\"@id\":\"https:\/\/eestispaad.ee\/lv\/abonejiet-informativo-izdevumu\/\",\"url\":\"https:\/\/eestispaad.ee\/lv\/abonejiet-informativo-izdevumu\/\",\"name\":\"Abon\u0113jiet Informat\u012bvo Izdevumu - Eestispaad\",\"isPartOf\":{\"@id\":\"https:\/\/eestispaad.ee\/#website\"},\"datePublished\":\"2024-04-16T09:42:52+00:00\",\"dateModified\":\"2024-04-16T09:47:21+00:00\",\"breadcrumb\":{\"@id\":\"https:\/\/eestispaad.ee\/lv\/abonejiet-informativo-izdevumu\/#breadcrumb\"},\"inLanguage\":\"lv-LV\",\"potentialAction\":[{\"@type\":\"ReadAction\",\"target\":[\"https:\/\/eestispaad.ee\/lv\/abonejiet-informativo-izdevumu\/\"]}]},{\"@type\":\"BreadcrumbList\",\"@id\":\"https:\/\/eestispaad.ee\/lv\/abonejiet-informativo-izdevumu\/#breadcrumb\",\"itemListElement\":[{\"@type\":\"ListItem\",\"position\":1,\"name\":\"Home\",\"item\":\"https:\/\/eestispaad.ee\/lv\/\"},{\"@type\":\"ListItem\",\"position\":2,\"name\":\"Abon\u0113jiet Informat\u012bvo Izdevumu\"}]},{\"@type\":\"WebSite\",\"@id\":\"https:\/\/eestispaad.ee\/#website\",\"url\":\"https:\/\/eestispaad.ee\/\",\"name\":\"Eesti spaad\",\"description\":\"\",\"publisher\":{\"@id\":\"https:\/\/eestispaad.ee\/#organization\"},\"potentialAction\":[{\"@type\":\"SearchAction\",\"target\":{\"@type\":\"EntryPoint\",\"urlTemplate\":\"https:\/\/eestispaad.ee\/?s={search_term_string}\"},\"query-input\":\"required name=search_term_string\"}],\"inLanguage\":\"lv-LV\"},{\"@type\":\"Organization\",\"@id\":\"https:\/\/eestispaad.ee\/#organization\",\"name\":\"Eesti spaad\",\"url\":\"https:\/\/eestispaad.ee\/\",\"logo\":{\"@type\":\"ImageObject\",\"inLanguage\":\"lv-LV\",\"@id\":\"https:\/\/eestispaad.ee\/#\/schema\/logo\/image\/\",\"url\":\"https:\/\/eestispaad.ee\/wp-content\/uploads\/2023\/12\/Screenshot-2023-12-09-at-21.42.51.png\",\"contentUrl\":\"https:\/\/eestispaad.ee\/wp-content\/uploads\/2023\/12\/Screenshot-2023-12-09-at-21.42.51.png\",\"width\":2130,\"height\":396,\"caption\":\"Eesti spaad\"},\"image\":{\"@id\":\"https:\/\/eestispaad.ee\/#\/schema\/logo\/image\/\"},\"sameAs\":[\"https:\/\/www.facebook.com\/estonianspas\"]}]}<\/script>\n<!-- \/ Yoast SEO plugin. -->","yoast_head_json":{"title":"Abon\u0113jiet Informat\u012bvo Izdevumu - Eestispaad","robots":{"index":"index","follow":"follow","max-snippet":"max-snippet:-1","max-image-preview":"max-image-preview:large","max-video-preview":"max-video-preview:-1"},"canonical":"https:\/\/eestispaad.ee\/lv\/abonejiet-informativo-izdevumu\/","og_locale":"lv_LV","og_type":"article","og_title":"Abon\u0113jiet Informat\u012bvo Izdevumu - Eestispaad","og_description":"Abon\u0113jot informat\u012bvo izdevumu, j\u016bs piekr\u012btat, ka Eesti Spaaliit (Sadama 9\/11, H\u0101psalu, Igaunija) saglab\u0101s ar\u012b j\u016bsu e-pasta adresi un izmantos \u0161o kontaktinform\u0101ciju, lai nos\u016bt\u012btu jums inform\u0101ciju par Eesti Spaaliit produktiem un pakalpojumiem un j\u016bsu iepirk\u0161an\u0101s paradumi uzraudz\u012btu. Attiec\u012bb\u0101 uz j\u016bsu e-pasta izmanto\u0161anu uz jums attiecas Fizisko personu datu aizsardz\u012bbas likuma un Elektronisko sakaru likuma noteikumi.","og_url":"https:\/\/eestispaad.ee\/lv\/abonejiet-informativo-izdevumu\/","og_site_name":"Eestispaad","article_publisher":"https:\/\/www.facebook.com\/estonianspas","article_modified_time":"2024-04-16T09:47:21+00:00","twitter_card":"summary_large_image","twitter_misc":{"Est. reading time":"1 minute"},"schema":{"@context":"https:\/\/schema.org","@graph":[{"@type":"WebPage","@id":"https:\/\/eestispaad.ee\/lv\/abonejiet-informativo-izdevumu\/","url":"https:\/\/eestispaad.ee\/lv\/abonejiet-informativo-izdevumu\/","name":"Abon\u0113jiet Informat\u012bvo Izdevumu - Eestispaad","isPartOf":{"@id":"https:\/\/eestispaad.ee\/#website"},"datePublished":"2024-04-16T09:42:52+00:00","dateModified":"2024-04-16T09:47:21+00:00","breadcrumb":{"@id":"https:\/\/eestispaad.ee\/lv\/abonejiet-informativo-izdevumu\/#breadcrumb"},"inLanguage":"lv-LV","potentialAction":[{"@type":"ReadAction","target":["https:\/\/eestispaad.ee\/lv\/abonejiet-informativo-izdevumu\/"]}]},{"@type":"BreadcrumbList","@id":"https:\/\/eestispaad.ee\/lv\/abonejiet-informativo-izdevumu\/#breadcrumb","itemListElement":[{"@type":"ListItem","position":1,"name":"Home","item":"https:\/\/eestispaad.ee\/lv\/"},{"@type":"ListItem","position":2,"name":"Abon\u0113jiet Informat\u012bvo Izdevumu"}]},{"@type":"WebSite","@id":"https:\/\/eestispaad.ee\/#website","url":"https:\/\/eestispaad.ee\/","name":"Eesti spaad","description":"","publisher":{"@id":"https:\/\/eestispaad.ee\/#organization"},"potentialAction":[{"@type":"SearchAction","target":{"@type":"EntryPoint","urlTemplate":"https:\/\/eestispaad.ee\/?s={search_term_string}"},"query-input":"required name=search_term_string"}],"inLanguage":"lv-LV"},{"@type":"Organization","@id":"https:\/\/eestispaad.ee\/#organization","name":"Eesti spaad","url":"https:\/\/eestispaad.ee\/","logo":{"@type":"ImageObject","inLanguage":"lv-LV","@id":"https:\/\/eestispaad.ee\/#\/schema\/logo\/image\/","url":"https:\/\/eestispaad.ee\/wp-content\/uploads\/2023\/12\/Screenshot-2023-12-09-at-21.42.51.png","contentUrl":"https:\/\/eestispaad.ee\/wp-content\/uploads\/2023\/12\/Screenshot-2023-12-09-at-21.42.51.png","width":2130,"height":396,"caption":"Eesti spaad"},"image":{"@id":"https:\/\/eestispaad.ee\/#\/schema\/logo\/image\/"},"sameAs":["https:\/\/www.facebook.com\/estonianspas"]}]}},"_links":{"self":[{"href":"https:\/\/test-eestispaad.miriada.ee\/lv\/wp-json\/wp\/v2\/pages\/7029"}],"collection":[{"href":"https:\/\/test-eestispaad.miriada.ee\/lv\/wp-json\/wp\/v2\/pages"}],"about":[{"href":"https:\/\/test-eestispaad.miriada.ee\/lv\/wp-json\/wp\/v2\/types\/page"}],"author":[{"embeddable":true,"href":"https:\/\/test-eestispaad.miriada.ee\/lv\/wp-json\/wp\/v2\/users\/1"}],"replies":[{"embeddable":true,"href":"https:\/\/test-eestispaad.miriada.ee\/lv\/wp-json\/wp\/v2\/comments?post=7029"}],"version-history":[{"count":1,"href":"https:\/\/test-eestispaad.miriada.ee\/lv\/wp-json\/wp\/v2\/pages\/7029\/revisions"}],"predecessor-version":[{"id":7030,"href":"https:\/\/test-eestispaad.miriada.ee\/lv\/wp-json\/wp\/v2\/pages\/7029\/revisions\/7030"}],"wp:attachment":[{"href":"https:\/\/test-eestispaad.miriada.ee\/lv\/wp-json\/wp\/v2\/media?parent=7029"}],"curies":[{"name":"wp","href":"https:\/\/api.w.org\/{rel}","templated":true}]}}